{"id":828,"date":"2026-04-09T03:30:26","date_gmt":"2026-04-09T03:30:26","guid":{"rendered":"https:\/\/gammva.com.mx\/?page_id=828"},"modified":"2026-04-10T03:48:45","modified_gmt":"2026-04-10T03:48:45","slug":"contacto","status":"publish","type":"page","link":"https:\/\/gammva.com.mx\/?page_id=828","title":{"rendered":"Contacto"},"content":{"rendered":"\n<div class=\"wp-block-stackable-columns alignfull stk-block-columns stk-block stk-51b2b12 stk-block-background stk--has-background-overlay\" data-block-id=\"51b2b12\"><style>.stk-51b2b12 {background-image:url(https:\/\/gammva.com.mx\/wp-content\/uploads\/2025\/10\/WhatsApp-Image-2025-10-27-at-11.30.13-PM-scaled.jpeg) !important;background-position:center center !important;background-repeat:no-repeat !important;background-size:cover !important;padding-top:300px !important;padding-bottom:200px !important;margin-bottom:0px !important;}.stk-51b2b12-column{--stk-column-gap:35px !important;}@media screen and (max-width:999px){.stk-51b2b12 {padding-top:250px !important;padding-bottom:150px !important;}}@media screen and (max-width:689px){.stk-51b2b12 {padding-top:150px !important;padding-bottom:100px !important;}}<\/style><div class=\"stk-row stk-inner-blocks stk-block-content stk-content-align stk-51b2b12-column\">\n<div class=\"wp-block-stackable-column stk-block-column stk-column stk-block stk-3a43e6b\" data-v=\"4\" data-block-id=\"3a43e6b\"><style>.stk-3a43e6b-container{margin-top:0px !important;margin-right:0px !important;margin-bottom:0px !important;margin-left:0px !important;}@media screen and (min-width:690px){.stk-3a43e6b {flex:var(--stk-flex-grow, 1) 1 calc(52.9% - var(--stk-column-gap, 0px) * 1 \/ 2 ) !important;}}@media screen and (min-width:690px) and (max-width:999px){.stk-3a43e6b {flex:var(--stk-flex-grow, 1) 1 calc(100% - var(--stk-column-gap, 0px) * 0 \/ 1 ) !important;}}<\/style><div class=\"stk-column-wrapper stk-block-column__content stk-container stk-3a43e6b-container stk--no-background stk--no-padding\"><div class=\"has-text-align-center-tablet stk-block-content stk-inner-blocks stk-3a43e6b-inner-blocks\">\n<p><\/p>\n\n\n\n<div class=\"wp-block-stackable-heading stk-block-heading stk-block-heading--v2 stk-block stk-7225c59\" id=\"tienes-un-proyecto-br-hablemos\" data-block-id=\"7225c59\"><style>.stk-7225c59 {margin-bottom:10px !important;}.stk-7225c59 .stk-block-heading__text{font-size:45px !important;color:var(--theme-palette-color-8, #ffffff) !important;line-height:1.3em !important;font-weight:800 !important;}@media screen and (max-width:999px){.stk-7225c59 .stk-block-heading__text{font-size:40px !important;}}@media screen and (max-width:689px){.stk-7225c59 .stk-block-heading__text{font-size:30px !important;}}<\/style><h2 class=\"stk-block-heading__text has-text-color\">Tienes un proyecto<br>Hablemos!<\/h2><\/div>\n\n\n\n<div class=\"wp-block-stackable-text stk-block-text stk-block stk-81505a5\" data-block-id=\"81505a5\"><style>.stk-81505a5 .stk-block-text__text{color:var(--theme-palette-color-8, #ffffff) !important;}<\/style><p class=\"stk-block-text__text has-text-color\">Una conversaci\u00f3n honesta suele ser el inicio de grandes decisiones.<\/p><\/div>\n<\/div><\/div><\/div>\n\n\n\n<div class=\"wp-block-stackable-column stk-block-column stk-column stk-block stk-0e2597c\" data-v=\"4\" data-block-id=\"0e2597c\"><style>.stk-0e2597c-container{margin-top:0px !important;margin-right:0px !important;margin-bottom:0px !important;margin-left:0px !important;}@media screen and (min-width:690px){.stk-0e2597c {flex:var(--stk-flex-grow, 1) 1 calc(47.099999999999994% - var(--stk-column-gap, 0px) * 1 \/ 2 ) !important;}}@media screen and (min-width:690px) and (max-width:999px){.stk-0e2597c {flex:var(--stk-flex-grow, 1) 1 calc(100% - var(--stk-column-gap, 0px) * 0 \/ 1 ) !important;}}<\/style><div class=\"stk-column-wrapper stk-block-column__content stk-container stk-0e2597c-container stk--no-background stk--no-padding\"><div class=\"stk-block-content stk-inner-blocks stk-0e2597c-inner-blocks\"><\/div><\/div><\/div>\n<\/div><\/div>\n\n\n\n<div class=\"wp-block-stackable-spacer stk-block-spacer stk--no-padding stk-block stk-b2c1613\" data-block-id=\"b2c1613\"><style>.stk-b2c1613 {height:24px !important;}@media screen and (max-width:999px){.stk-b2c1613 {height:70px !important;}}<\/style><\/div>\n\n\n\n<div class=\"wp-block-stackable-columns stk-block-columns stk-block stk-48325eb\" data-block-id=\"48325eb\"><style>.stk-48325eb {margin-bottom:30px !important;}.stk-48325eb-column{--stk-column-gap:30px !important;row-gap:35px !important;}<\/style><div class=\"stk-row stk-inner-blocks stk-block-content stk-content-align stk-48325eb-column\">\n<div class=\"wp-block-stackable-column stk-block-column stk-column stk-block stk-4a0ea7c\" data-v=\"4\" data-block-id=\"4a0ea7c\"><style>.stk-4a0ea7c-container{margin-top:0px !important;margin-right:0px !important;margin-bottom:0px !important;margin-left:0px !important;}<\/style><div class=\"stk-column-wrapper stk-block-column__content stk-container stk-4a0ea7c-container stk--no-background stk--no-padding\"><div class=\"stk-block-content stk-inner-blocks stk-4a0ea7c-inner-blocks\">\n<div class=\"wp-block-stackable-image-box stk-block-image-box stk-hover-parent stk-block stk-05c783c is-style-plain\" data-block-id=\"05c783c\"><style>.stk-05c783c {border-radius:5px !important;overflow:hidden !important;}<\/style><div class=\"stk-block-content stk-inner-blocks has-text-align-left stk-row stk-block-image-box__content\">\n<div class=\"wp-block-stackable-image stk-block-image stk-block stk-3603d2a\" data-block-id=\"3603d2a\"><style>.stk-3603d2a .stk-img-wrapper{width:1000px !important;height:350px !important;--stk-gradient-overlay:0.6 !important;}.stk-3603d2a .stk-img-wrapper img{transform:scale(1.2) !important;}:where(.stk-hover-parent:hover,  .stk-hover-parent.stk--is-hovered) .stk-3603d2a .stk-img-wrapper img{transform:scale(1) !important;}.stk-3603d2a .stk-img-wrapper::after{background-color:var(--theme-palette-color-4, #102136) !important;}:where(.stk-hover-parent:hover,  .stk-hover-parent.stk--is-hovered) .stk-3603d2a .stk-img-wrapper::after{background-color:var(--theme-palette-color-2, #5e3fde) !important;}:where(.stk-hover-parent:hover,  .stk-hover-parent.stk--is-hovered) .stk-3603d2a .stk-img-wrapper{--stk-gradient-overlay:0.95 !important;}@media screen and (max-width:999px){.stk-3603d2a .stk-img-wrapper{height:250px !important;}}@media screen and (max-width:689px){.stk-3603d2a .stk-img-wrapper{height:300px !important;}}<\/style><figure><span class=\"stk-img-wrapper stk-image--shape-stretch\"><img loading=\"lazy\" decoding=\"async\" class=\"stk-img wp-image-830\" src=\"https:\/\/gammva.com.mx\/wp-content\/uploads\/2026\/04\/San-garza-garcia-monterrey-1.jpeg\" width=\"1000\" height=\"799\" srcset=\"https:\/\/gammva.com.mx\/wp-content\/uploads\/2026\/04\/San-garza-garcia-monterrey-1.jpeg 1000w, https:\/\/gammva.com.mx\/wp-content\/uploads\/2026\/04\/San-garza-garcia-monterrey-1-300x240.jpeg 300w, https:\/\/gammva.com.mx\/wp-content\/uploads\/2026\/04\/San-garza-garcia-monterrey-1-768x614.jpeg 768w\" sizes=\"auto, (max-width: 1000px) 100vw, 1000px\" \/><\/span><\/figure><\/div>\n\n\n\n<div class=\"wp-block-stackable-column stk-block-column stk-column stk-block stk-6d12cd4\" data-v=\"4\" data-block-id=\"6d12cd4\"><style>.stk-6d12cd4-container{margin-top:0px !important;margin-right:0px !important;margin-bottom:0px !important;margin-left:0px !important;padding-top:55px !important;padding-right:55px !important;padding-bottom:55px !important;padding-left:55px !important;}.stk-6d12cd4-inner-blocks{justify-content:flex-end !important;}@media screen and (max-width:689px){.stk-6d12cd4-container{padding-top:45px !important;padding-right:45px !important;padding-bottom:45px !important;padding-left:45px !important;}}<\/style><div class=\"stk-column-wrapper stk-block-column__content stk-container stk-6d12cd4-container stk--no-background stk--no-padding\"><div class=\"has-text-align-center-tablet stk--column-flex stk-block-content stk-inner-blocks stk-6d12cd4-inner-blocks\">\n<div class=\"wp-block-stackable-heading stk-block-heading stk-block-heading--v2 stk-block stk-26611b3\" id=\"monterrey\" data-block-id=\"26611b3\"><style>.stk-26611b3 {margin-bottom:10px !important;}.stk-26611b3 .stk-block-heading__text{font-size:25px !important;color:#FFFFFF !important;line-height:1em !important;}@media screen and (max-width:999px){.stk-26611b3 .stk-block-heading__text{font-size:25px !important;}}<\/style><h3 class=\"stk-block-heading__text has-text-color has-white-color stk-block-heading--use-theme-margins\">Monterrey<\/h3><\/div>\n\n\n\n<div class=\"wp-block-stackable-text stk-block-text stk-block stk-af767fa\" data-block-id=\"af767fa\"><style>.stk-af767fa .stk-block-text__text{font-size:21px !important;color:var(--theme-palette-color-8, #ffffff) !important;line-height:1.3em !important;}@media screen and (max-width:999px){.stk-af767fa .stk-block-text__text{font-size:21px !important;}}<\/style><p class=\"stk-block-text__text has-text-color\">Av. Manuel G\u00f3mez Mor\u00edn 350-PB 06A, Valle del Campestre, <br>66265 San Pedro Garza Garc\u00eda, N.L.<\/p><\/div>\n<\/div><\/div><\/div>\n<\/div><a class=\"stk-link stk-block-link stk--transparent-overlay\" href=\"#\"><\/a><\/div>\n<\/div><\/div><\/div>\n<\/div><\/div>\n\n\n\n<div class=\"wp-block-stackable-columns stk-block-columns stk-block stk-e08b614\" data-block-id=\"e08b614\"><style>.stk-e08b614 {margin-bottom:0px !important;}.stk-e08b614-column{--stk-column-gap:30px !important;row-gap:30px !important;}<\/style><div class=\"stk-row stk-inner-blocks stk-block-content stk-content-align stk-e08b614-column\">\n\n\n<div class=\"wp-block-stackable-column stk-block-column stk-column stk-block stk-15770bf\" data-v=\"4\" data-block-id=\"15770bf\"><style>.stk-15770bf-container{margin-top:0px !important;margin-right:0px !important;margin-bottom:0px !important;margin-left:0px !important;background-color:var(--theme-palette-color-8, #ffffff) !important;border-radius:5px !important;overflow:hidden !important;box-shadow:0px 20px 80px 0px #c0c6d340 !important;padding-top:45px !important;padding-right:35px !important;padding-bottom:35px !important;padding-left:35px !important;}.stk-15770bf-container:hover{background-color:var(--theme-palette-color-1, #7456f1) !important;}.stk-15770bf-container:before{background-color:var(--theme-palette-color-8, #ffffff) !important;}.stk-15770bf-container:hover:before{background-color:var(--theme-palette-color-1, #7456f1) !important;}@media screen and (min-width:690px) and (max-width:999px){.stk-15770bf {flex:var(--stk-flex-grow, 1) 1 calc(50% - var(--stk-column-gap, 0px) * 1 \/ 2 ) !important;}}<\/style><div class=\"stk-column-wrapper stk-block-column__content stk-container stk-15770bf-container stk-hover-parent\"><div class=\"has-text-align-center stk-block-content stk-inner-blocks stk-15770bf-inner-blocks\">\n<div class=\"wp-block-stackable-icon stk-block-icon stk-block stk-d2256ab\" data-block-id=\"d2256ab\"><style>.stk-d2256ab {margin-bottom:25px !important;}.stk-d2256ab .stk--svg-wrapper .stk--inner-svg svg:last-child{height:30px !important;width:30px !important;}.stk-d2256ab .stk--svg-wrapper .stk--inner-svg svg:last-child, .stk-d2256ab .stk--svg-wrapper .stk--inner-svg svg:last-child :is(g, path, rect, polygon, ellipse){fill:var(--theme-palette-color-1, #7456f1) !important;}:where(.stk-hover-parent:hover,  .stk-hover-parent.stk--is-hovered) .stk-d2256ab .stk--svg-wrapper .stk--inner-svg svg:last-child,  :where(.stk-hover-parent:hover,  .stk-hover-parent.stk--is-hovered) .stk-d2256ab .stk--svg-wrapper .stk--inner-svg svg:last-child :is(g, path, rect, polygon, ellipse){fill:var(--theme-palette-color-6, #F3F5F7) !important;}<\/style><span class=\"stk--svg-wrapper\"><div class=\"stk--inner-svg\"><svg style=\"height:0;width:0\"><defs><linearGradient id=\"linear-gradient-d2256ab\" x1=\"0\" x2=\"100%\" y1=\"0\" y2=\"0\"><stop offset=\"0%\" style=\"stop-opacity:1;stop-color:var(--linear-gradient-d-2256-ab-color-1)\"><\/stop><stop offset=\"100%\" style=\"stop-opacity:1;stop-color:var(--linear-gradient-d-2256-ab-color-2)\"><\/stop><\/linearGradient><\/defs><\/svg><svg aria-hidden=\"true\" focusable=\"false\" data-prefix=\"fas\" data-icon=\"clock\" class=\"svg-inline--fa fa-clock fa-w-16\" xmlns=\"http:\/\/www.w3.org\/2000\/svg\" viewBox=\"0 0 512 512\" width=\"32\" height=\"32\"><path fill=\"currentColor\" d=\"M256,8C119,8,8,119,8,256S119,504,256,504,504,393,504,256,393,8,256,8Zm92.49,313h0l-20,25a16,16,0,0,1-22.49,2.5h0l-67-49.72a40,40,0,0,1-15-31.23V112a16,16,0,0,1,16-16h32a16,16,0,0,1,16,16V256l58,42.5A16,16,0,0,1,348.49,321Z\"><\/path><\/svg><\/div><\/span><\/div>\n\n\n\n<div class=\"wp-block-stackable-heading stk-block-heading stk-block-heading--v2 stk-block stk-2d8accf\" id=\"horarios\" data-block-id=\"2d8accf\"><style>.stk-2d8accf {margin-bottom:5px !important;}.stk-2d8accf .stk-block-heading__text{font-size:20px !important;}:where(.stk-hover-parent:hover,  .stk-hover-parent.stk--is-hovered) .stk-2d8accf .stk-block-heading__text{color:var(--theme-palette-color-6, #F3F5F7) !important;}@media screen and (max-width:999px){.stk-2d8accf .stk-block-heading__text{font-size:20px !important;}}<\/style><h3 class=\"stk-block-heading__text\">Horarios<\/h3><\/div>\n\n\n\n<div class=\"wp-block-stackable-text stk-block-text stk-block stk-15cf17d\" data-block-id=\"15cf17d\"><style>.stk-15cf17d .stk-block-text__text{color:var(--theme-palette-color-3, #4d5d6d) !important;}:where(.stk-hover-parent:hover,  .stk-hover-parent.stk--is-hovered) .stk-15cf17d .stk-block-text__text{color:var(--theme-palette-color-6, #F3F5F7) !important;}<\/style><p class=\"stk-block-text__text has-text-color\">Lunes a Jueves:   9am \u2013 5pm<br>Viernes: 9am \u2013 2pm<\/p><\/div>\n<\/div><\/div><\/div>\n\n\n\n<div class=\"wp-block-stackable-column stk-block-column stk-column stk-block stk-e65abfc\" data-v=\"4\" data-block-id=\"e65abfc\"><style>.stk-e65abfc-container{margin-top:0px !important;margin-right:0px !important;margin-bottom:0px !important;margin-left:0px !important;background-color:var(--theme-palette-color-8, #ffffff) !important;border-radius:5px !important;overflow:hidden !important;box-shadow:0px 20px 80px 0px #c0c6d340 !important;padding-top:45px !important;padding-right:35px !important;padding-bottom:35px !important;padding-left:35px !important;}.stk-e65abfc-container:hover{background-color:var(--theme-palette-color-1, #7456f1) !important;}.stk-e65abfc-container:before{background-color:var(--theme-palette-color-8, #ffffff) !important;}.stk-e65abfc-container:hover:before{background-color:var(--theme-palette-color-1, #7456f1) !important;}@media screen and (min-width:690px) and (max-width:999px){.stk-e65abfc {flex:var(--stk-flex-grow, 1) 1 calc(50% - var(--stk-column-gap, 0px) * 1 \/ 2 ) !important;}}<\/style><div class=\"stk-column-wrapper stk-block-column__content stk-container stk-e65abfc-container stk-hover-parent\"><div class=\"has-text-align-center stk-block-content stk-inner-blocks stk-e65abfc-inner-blocks\">\n<div class=\"wp-block-stackable-icon stk-block-icon stk-block stk-57a7eb4\" data-block-id=\"57a7eb4\"><style>.stk-57a7eb4 {margin-bottom:25px !important;}.stk-57a7eb4 .stk--svg-wrapper .stk--inner-svg svg:last-child{height:30px !important;width:30px !important;}.stk-57a7eb4 .stk--svg-wrapper .stk--inner-svg svg:last-child, .stk-57a7eb4 .stk--svg-wrapper .stk--inner-svg svg:last-child :is(g, path, rect, polygon, ellipse){fill:var(--theme-palette-color-1, #7456f1) !important;}:where(.stk-hover-parent:hover,  .stk-hover-parent.stk--is-hovered) .stk-57a7eb4 .stk--svg-wrapper .stk--inner-svg svg:last-child,  :where(.stk-hover-parent:hover,  .stk-hover-parent.stk--is-hovered) .stk-57a7eb4 .stk--svg-wrapper .stk--inner-svg svg:last-child :is(g, path, rect, polygon, ellipse){fill:var(--theme-palette-color-6, #F3F5F7) !important;}<\/style><span class=\"stk--svg-wrapper\"><div class=\"stk--inner-svg\"><svg style=\"height:0;width:0\"><defs><linearGradient id=\"linear-gradient-57a7eb4\" x1=\"0\" x2=\"100%\" y1=\"0\" y2=\"0\"><stop offset=\"0%\" style=\"stop-opacity:1;stop-color:var(--linear-gradient-57-a-7-eb-4-color-1)\"><\/stop><stop offset=\"100%\" style=\"stop-opacity:1;stop-color:var(--linear-gradient-57-a-7-eb-4-color-2)\"><\/stop><\/linearGradient><\/defs><\/svg><svg aria-hidden=\"true\" focusable=\"false\" data-prefix=\"fas\" data-icon=\"envelope\" class=\"svg-inline--fa fa-envelope fa-w-16\" xmlns=\"http:\/\/www.w3.org\/2000\/svg\" viewBox=\"0 0 512 512\" width=\"32\" height=\"32\"><path fill=\"currentColor\" d=\"M502.3 190.8c3.9-3.1 9.7-.2 9.7 4.7V400c0 26.5-21.5 48-48 48H48c-26.5 0-48-21.5-48-48V195.6c0-5 5.7-7.8 9.7-4.7 22.4 17.4 52.1 39.5 154.1 113.6 21.1 15.4 56.7 47.8 92.2 47.6 35.7.3 72-32.8 92.3-47.6 102-74.1 131.6-96.3 154-113.7zM256 320c23.2.4 56.6-29.2 73.4-41.4 132.7-96.3 142.8-104.7 173.4-128.7 5.8-4.5 9.2-11.5 9.2-18.9v-19c0-26.5-21.5-48-48-48H48C21.5 64 0 85.5 0 112v19c0 7.4 3.4 14.3 9.2 18.9 30.6 23.9 40.7 32.4 173.4 128.7 16.8 12.2 50.2 41.8 73.4 41.4z\"><\/path><\/svg><\/div><\/span><\/div>\n\n\n\n<div class=\"wp-block-stackable-heading stk-block-heading stk-block-heading--v2 stk-block stk-66103c1\" id=\"email\" data-block-id=\"66103c1\"><style>.stk-66103c1 {margin-bottom:5px !important;}.stk-66103c1 .stk-block-heading__text{font-size:20px !important;}:where(.stk-hover-parent:hover,  .stk-hover-parent.stk--is-hovered) .stk-66103c1 .stk-block-heading__text{color:var(--theme-palette-color-6, #F3F5F7) !important;}@media screen and (max-width:999px){.stk-66103c1 .stk-block-heading__text{font-size:20px !important;}}<\/style><h3 class=\"stk-block-heading__text\">Email<\/h3><\/div>\n\n\n\n<div class=\"wp-block-stackable-text stk-block-text stk-block stk-badda01\" data-block-id=\"badda01\"><style>.stk-badda01 .stk-block-text__text{color:var(--theme-palette-color-3, #4d5d6d) !important;}:where(.stk-hover-parent:hover,  .stk-hover-parent.stk--is-hovered) .stk-badda01 .stk-block-text__text{color:var(--theme-palette-color-6, #F3F5F7) !important;}<\/style><p class=\"stk-block-text__text has-text-color\">hola@gammva.com.mx<br><\/p><\/div>\n<\/div><\/div><\/div>\n\n\n\n<div class=\"wp-block-stackable-column stk-block-column stk-column stk-block stk-3c24e7d\" data-v=\"4\" data-block-id=\"3c24e7d\"><style>.stk-3c24e7d-container{margin-top:0px !important;margin-right:0px !important;margin-bottom:0px !important;margin-left:0px !important;background-color:var(--theme-palette-color-8, #ffffff) !important;border-top-left-radius:5px !important;border-top-right-radius:5px !important;border-bottom-right-radius:5px !important;border-bottom-left-radius:5px !important;overflow:hidden !important;box-shadow:0px 20px 80px 0px #c0c6d340 !important;padding-top:45px !important;padding-right:35px !important;padding-bottom:35px !important;padding-left:35px !important;}.stk-3c24e7d-container:hover{background-color:var(--theme-palette-color-1, #7456f1) !important;}.stk-3c24e7d-container:before{background-color:var(--theme-palette-color-8, #ffffff) !important;}.stk-3c24e7d-container:hover:before{background-color:var(--theme-palette-color-1, #7456f1) !important;}@media screen and (min-width:690px) and (max-width:999px){.stk-3c24e7d {flex:var(--stk-flex-grow, 1) 1 calc(50% - var(--stk-column-gap, 0px) * 1 \/ 2 ) !important;}}<\/style><div class=\"stk-column-wrapper stk-block-column__content stk-container stk-3c24e7d-container stk-hover-parent\"><div class=\"has-text-align-center stk-block-content stk-inner-blocks stk-3c24e7d-inner-blocks\">\n<div class=\"wp-block-stackable-icon stk-block-icon stk-block stk-125f516\" data-block-id=\"125f516\"><style>.stk-125f516 {margin-bottom:25px !important;}.stk-125f516 .stk--svg-wrapper .stk--inner-svg svg:last-child{height:30px !important;width:30px !important;}.stk-125f516 .stk--svg-wrapper .stk--inner-svg svg:last-child, .stk-125f516 .stk--svg-wrapper .stk--inner-svg svg:last-child :is(g, path, rect, polygon, ellipse){fill:var(--theme-palette-color-1, #7456f1) !important;}:where(.stk-hover-parent:hover,  .stk-hover-parent.stk--is-hovered) .stk-125f516 .stk--svg-wrapper .stk--inner-svg svg:last-child,  :where(.stk-hover-parent:hover,  .stk-hover-parent.stk--is-hovered) .stk-125f516 .stk--svg-wrapper .stk--inner-svg svg:last-child :is(g, path, rect, polygon, ellipse){fill:var(--theme-palette-color-6, #F3F5F7) !important;}<\/style><span class=\"stk--svg-wrapper\"><div class=\"stk--inner-svg\"><svg style=\"height:0;width:0\"><defs><linearGradient id=\"linear-gradient-125f516\" x1=\"0\" x2=\"100%\" y1=\"0\" y2=\"0\"><stop offset=\"0%\" style=\"stop-opacity:1;stop-color:var(--linear-gradient-125-f-516-color-1)\"><\/stop><stop offset=\"100%\" style=\"stop-opacity:1;stop-color:var(--linear-gradient-125-f-516-color-2)\"><\/stop><\/linearGradient><\/defs><\/svg><svg aria-hidden=\"true\" focusable=\"false\" data-prefix=\"fas\" data-icon=\"mobile\" class=\"svg-inline--fa fa-mobile fa-w-10\" xmlns=\"http:\/\/www.w3.org\/2000\/svg\" viewBox=\"0 0 320 512\" width=\"32\" height=\"32\"><path fill=\"currentColor\" d=\"M272 0H48C21.5 0 0 21.5 0 48v416c0 26.5 21.5 48 48 48h224c26.5 0 48-21.5 48-48V48c0-26.5-21.5-48-48-48zM160 480c-17.7 0-32-14.3-32-32s14.3-32 32-32 32 14.3 32 32-14.3 32-32 32z\"><\/path><\/svg><\/div><\/span><\/div>\n\n\n\n<div class=\"wp-block-stackable-heading stk-block-heading stk-block-heading--v2 stk-block stk-e95c62f\" id=\"numero-de-contacto\" data-block-id=\"e95c62f\"><style>.stk-e95c62f {margin-bottom:5px !important;}.stk-e95c62f .stk-block-heading__text{font-size:20px !important;}:where(.stk-hover-parent:hover,  .stk-hover-parent.stk--is-hovered) .stk-e95c62f .stk-block-heading__text{color:var(--theme-palette-color-6, #F3F5F7) !important;}@media screen and (max-width:999px){.stk-e95c62f .stk-block-heading__text{font-size:20px !important;}}<\/style><h3 class=\"stk-block-heading__text\">Numero de Contacto<\/h3><\/div>\n\n\n\n<div class=\"wp-block-stackable-text stk-block-text stk-block stk-12faa7e\" data-block-id=\"12faa7e\"><style>.stk-12faa7e .stk-block-text__text{color:var(--theme-palette-color-3, #4d5d6d) !important;}:where(.stk-hover-parent:hover,  .stk-hover-parent.stk--is-hovered) .stk-12faa7e .stk-block-text__text{color:var(--theme-palette-color-6, #F3F5F7) !important;}<\/style><p class=\"stk-block-text__text has-text-color\">+52 899 117 0870<br>Whatsapp<\/p><\/div>\n<\/div><\/div><\/div>\n<\/div><\/div>\n\n\n\n<p><\/p>\n","protected":false},"excerpt":{"rendered":"<p>Tienes un proyectoHablemos! Una conversaci\u00f3n honesta suele ser el inicio de grandes decisiones. Monterrey Av. Manuel G\u00f3mez Mor\u00edn 350-PB 06A, Valle del Campestre, 66265 San Pedro Garza Garc\u00eda, N.L. Direccion 304 North Cardinal St.Dorchester Center, MA 02124 Horarios Lunes a Jueves: 9am \u2013 5pmViernes: 9am \u2013 2pm Email hola@gammva.com.mx Numero de Contacto +52 899 117 [&hellip;]<\/p>\n","protected":false},"author":2,"featured_media":0,"parent":0,"menu_order":0,"comment_status":"closed","ping_status":"closed","template":"","meta":{"footnotes":""},"class_list":["post-828","page","type-page","status-publish","hentry"],"blocksy_meta":[],"_links":{"self":[{"href":"https:\/\/gammva.com.mx\/index.php?rest_route=\/wp\/v2\/pages\/828","targetHints":{"allow":["GET"]}}],"collection":[{"href":"https:\/\/gammva.com.mx\/index.php?rest_route=\/wp\/v2\/pages"}],"about":[{"href":"https:\/\/gammva.com.mx\/index.php?rest_route=\/wp\/v2\/types\/page"}],"author":[{"embeddable":true,"href":"https:\/\/gammva.com.mx\/index.php?rest_route=\/wp\/v2\/users\/2"}],"replies":[{"embeddable":true,"href":"https:\/\/gammva.com.mx\/index.php?rest_route=%2Fwp%2Fv2%2Fcomments&post=828"}],"version-history":[{"count":3,"href":"https:\/\/gammva.com.mx\/index.php?rest_route=\/wp\/v2\/pages\/828\/revisions"}],"predecessor-version":[{"id":836,"href":"https:\/\/gammva.com.mx\/index.php?rest_route=\/wp\/v2\/pages\/828\/revisions\/836"}],"wp:attachment":[{"href":"https:\/\/gammva.com.mx\/index.php?rest_route=%2Fwp%2Fv2%2Fmedia&parent=828"}],"curies":[{"name":"wp","href":"https:\/\/api.w.org\/{rel}","templated":true}]}}